{"id":732,"date":"2024-09-08T09:47:58","date_gmt":"2024-09-08T09:47:58","guid":{"rendered":"https:\/\/maiasandu.pentru.md\/?page_id=732"},"modified":"2025-09-12T00:09:44","modified_gmt":"2025-09-12T00:09:44","slug":"home-2","status":"publish","type":"page","link":"https:\/\/maiasandu.pentru.md\/ru\/","title":{"rendered":"Maia Sandu pentru Moldova"},"content":{"rendered":"","protected":false},"excerpt":{"rendered":"","protected":false},"author":1,"featured_media":0,"parent":0,"menu_order":0,"comment_status":"closed","ping_status":"closed","template":"","meta":{"_acf_changed":false,"footnotes":""},"class_list":["post-732","page","type-page","status-publish","hentry"],"acf":[],"yoast_head":"<!-- This site is optimized with the Yoast SEO plugin v23.4 - https:\/\/yoast.com\/wordpress\/plugins\/seo\/ -->\n<title>Maia Sandu \u0219i PAS - \u00cempreun\u0103 pentru viitorul european al Moldovei<\/title>\n<meta name=\"description\" content=\"Maia Sandu \u0219i Partidul Ac\u021biune \u0219i Solidaritate construiesc un viitor sigur \u0219i european pentru Republica Moldova. Cu transparen\u021b\u0103, responsabilitate \u0219i grij\u0103 fa\u021b\u0103 de oameni, PAS promoveaz\u0103 reforme durabile \u0219i \u0219anse egale pentru to\u021bi cet\u0103\u021benii. \u00cempreun\u0103 avem grij\u0103 de viitorul Moldovei.\" \/>\n<meta name=\"robots\" content=\"index, follow, max-snippet:-1, max-image-preview:large, max-video-preview:-1\" \/>\n<link rel=\"canonical\" href=\"https:\/\/maiasandu.pentru.md\/ru\/\" \/>\n<meta property=\"og:locale\" content=\"ru_RU\" \/>\n<meta property=\"og:type\" content=\"article\" \/>\n<meta property=\"og:title\" content=\"Maia Sandu \u0219i PAS - \u00cempreun\u0103 pentru viitorul european al Moldovei\" \/>\n<meta property=\"og:description\" content=\"Maia Sandu \u0219i Partidul Ac\u021biune \u0219i Solidaritate construiesc un viitor sigur \u0219i european pentru Republica Moldova. Cu transparen\u021b\u0103, responsabilitate \u0219i grij\u0103 fa\u021b\u0103 de oameni, PAS promoveaz\u0103 reforme durabile \u0219i \u0219anse egale pentru to\u021bi cet\u0103\u021benii. \u00cempreun\u0103 avem grij\u0103 de viitorul Moldovei.\" \/>\n<meta property=\"og:url\" content=\"https:\/\/maiasandu.pentru.md\/ru\/\" \/>\n<meta property=\"og:site_name\" content=\"Maia Sandu\" \/>\n<meta property=\"article:publisher\" content=\"https:\/\/www.facebook.com\/maia.sandu\" \/>\n<meta property=\"article:modified_time\" content=\"2025-09-12T00:09:44+00:00\" \/>\n<meta name=\"twitter:card\" content=\"summary_large_image\" \/>\n<meta name=\"twitter:site\" content=\"@you\" \/>\n<script type=\"application\/ld+json\" class=\"yoast-schema-graph\">{\"@context\":\"https:\/\/schema.org\",\"@graph\":[{\"@type\":\"WebPage\",\"@id\":\"https:\/\/maiasandu.pentru.md\/\",\"url\":\"https:\/\/maiasandu.pentru.md\/\",\"name\":\"Maia Sandu \u0219i PAS - \u00cempreun\u0103 pentru viitorul european al Moldovei\",\"isPartOf\":{\"@id\":\"https:\/\/maiasandu.pentru.md\/#website\"},\"datePublished\":\"2024-09-08T09:47:58+00:00\",\"dateModified\":\"2025-09-12T00:09:44+00:00\",\"description\":\"Maia Sandu \u0219i Partidul Ac\u021biune \u0219i Solidaritate construiesc un viitor sigur \u0219i european pentru Republica Moldova. Cu transparen\u021b\u0103, responsabilitate \u0219i grij\u0103 fa\u021b\u0103 de oameni, PAS promoveaz\u0103 reforme durabile \u0219i \u0219anse egale pentru to\u021bi cet\u0103\u021benii. \u00cempreun\u0103 avem grij\u0103 de viitorul Moldovei.\",\"breadcrumb\":{\"@id\":\"https:\/\/maiasandu.pentru.md\/#breadcrumb\"},\"inLanguage\":\"ru-RU\",\"potentialAction\":[{\"@type\":\"ReadAction\",\"target\":[\"https:\/\/maiasandu.pentru.md\/\"]}]},{\"@type\":\"BreadcrumbList\",\"@id\":\"https:\/\/maiasandu.pentru.md\/#breadcrumb\",\"itemListElement\":[{\"@type\":\"ListItem\",\"position\":1,\"name\":\"Home\",\"item\":\"https:\/\/maiasandu.pentru.md\/\"},{\"@type\":\"ListItem\",\"position\":2,\"name\":\"Maia Sandu pentru Moldova\"}]},{\"@type\":\"WebSite\",\"@id\":\"https:\/\/maiasandu.pentru.md\/#website\",\"url\":\"https:\/\/maiasandu.pentru.md\/\",\"name\":\"Maia Sandu\",\"description\":\"Pentru Moldova\",\"publisher\":{\"@id\":\"https:\/\/maiasandu.pentru.md\/#\/schema\/person\/cfdff171cd9cf48f3933aca560a8da78\"},\"potentialAction\":[{\"@type\":\"SearchAction\",\"target\":{\"@type\":\"EntryPoint\",\"urlTemplate\":\"https:\/\/maiasandu.pentru.md\/?s={search_term_string}\"},\"query-input\":{\"@type\":\"PropertyValueSpecification\",\"valueRequired\":true,\"valueName\":\"search_term_string\"}}],\"inLanguage\":\"ru-RU\"},{\"@type\":[\"Person\",\"Organization\"],\"@id\":\"https:\/\/maiasandu.pentru.md\/#\/schema\/person\/cfdff171cd9cf48f3933aca560a8da78\",\"name\":\"MaiaSandu\",\"image\":{\"@type\":\"ImageObject\",\"inLanguage\":\"ru-RU\",\"@id\":\"https:\/\/maiasandu.pentru.md\/#\/schema\/person\/image\/\",\"url\":\"https:\/\/secure.gravatar.com\/avatar\/3c0bf0a278aae450e711e7534551dc9de725bedbcff506050a7ac76225453d7f?s=96&d=mm&r=g\",\"contentUrl\":\"https:\/\/secure.gravatar.com\/avatar\/3c0bf0a278aae450e711e7534551dc9de725bedbcff506050a7ac76225453d7f?s=96&d=mm&r=g\",\"caption\":\"MaiaSandu\"},\"logo\":{\"@id\":\"https:\/\/maiasandu.pentru.md\/#\/schema\/person\/image\/\"},\"sameAs\":[\"https:\/\/maiasandu.pentru.md\",\"https:\/\/www.facebook.com\/maia.sandu\",\"https:\/\/www.instagram.com\/maia.sandu?fbclid=IwY2xjawEz_xtleHRuA2FlbQIxMAABHboqHCiyS8Zhq-1A52-ji2mKILjRrr2eHBh5hNh6LpIUhSlaNGfnBNZ8SA_aem_GgoJH2NxtH7QnfOwGdB0aA\",\"https:\/\/x.com\/sandumaiamd Follows you\"]}]}<\/script>\n<!-- \/ Yoast SEO plugin. -->","yoast_head_json":{"title":"Maia Sandu \u0219i PAS - \u00cempreun\u0103 pentru viitorul european al Moldovei","description":"Maia Sandu \u0219i Partidul Ac\u021biune \u0219i Solidaritate construiesc un viitor sigur \u0219i european pentru Republica Moldova. Cu transparen\u021b\u0103, responsabilitate \u0219i grij\u0103 fa\u021b\u0103 de oameni, PAS promoveaz\u0103 reforme durabile \u0219i \u0219anse egale pentru to\u021bi cet\u0103\u021benii. \u00cempreun\u0103 avem grij\u0103 de viitorul Moldovei.","robots":{"index":"index","follow":"follow","max-snippet":"max-snippet:-1","max-image-preview":"max-image-preview:large","max-video-preview":"max-video-preview:-1"},"canonical":"https:\/\/maiasandu.pentru.md\/ru\/","og_locale":"ru_RU","og_type":"article","og_title":"Maia Sandu \u0219i PAS - \u00cempreun\u0103 pentru viitorul european al Moldovei","og_description":"Maia Sandu \u0219i Partidul Ac\u021biune \u0219i Solidaritate construiesc un viitor sigur \u0219i european pentru Republica Moldova. Cu transparen\u021b\u0103, responsabilitate \u0219i grij\u0103 fa\u021b\u0103 de oameni, PAS promoveaz\u0103 reforme durabile \u0219i \u0219anse egale pentru to\u021bi cet\u0103\u021benii. \u00cempreun\u0103 avem grij\u0103 de viitorul Moldovei.","og_url":"https:\/\/maiasandu.pentru.md\/ru\/","og_site_name":"Maia Sandu","article_publisher":"https:\/\/www.facebook.com\/maia.sandu","article_modified_time":"2025-09-12T00:09:44+00:00","twitter_card":"summary_large_image","twitter_site":"@you","schema":{"@context":"https:\/\/schema.org","@graph":[{"@type":"WebPage","@id":"https:\/\/maiasandu.pentru.md\/","url":"https:\/\/maiasandu.pentru.md\/","name":"Maia Sandu \u0219i PAS - \u00cempreun\u0103 pentru viitorul european al Moldovei","isPartOf":{"@id":"https:\/\/maiasandu.pentru.md\/#website"},"datePublished":"2024-09-08T09:47:58+00:00","dateModified":"2025-09-12T00:09:44+00:00","description":"Maia Sandu \u0219i Partidul Ac\u021biune \u0219i Solidaritate construiesc un viitor sigur \u0219i european pentru Republica Moldova. Cu transparen\u021b\u0103, responsabilitate \u0219i grij\u0103 fa\u021b\u0103 de oameni, PAS promoveaz\u0103 reforme durabile \u0219i \u0219anse egale pentru to\u021bi cet\u0103\u021benii. \u00cempreun\u0103 avem grij\u0103 de viitorul Moldovei.","breadcrumb":{"@id":"https:\/\/maiasandu.pentru.md\/#breadcrumb"},"inLanguage":"ru-RU","potentialAction":[{"@type":"ReadAction","target":["https:\/\/maiasandu.pentru.md\/"]}]},{"@type":"BreadcrumbList","@id":"https:\/\/maiasandu.pentru.md\/#breadcrumb","itemListElement":[{"@type":"ListItem","position":1,"name":"Home","item":"https:\/\/maiasandu.pentru.md\/"},{"@type":"ListItem","position":2,"name":"Maia Sandu pentru Moldova"}]},{"@type":"WebSite","@id":"https:\/\/maiasandu.pentru.md\/#website","url":"https:\/\/maiasandu.pentru.md\/","name":"Maia Sandu","description":"Pentru Moldova","publisher":{"@id":"https:\/\/maiasandu.pentru.md\/#\/schema\/person\/cfdff171cd9cf48f3933aca560a8da78"},"potentialAction":[{"@type":"SearchAction","target":{"@type":"EntryPoint","urlTemplate":"https:\/\/maiasandu.pentru.md\/?s={search_term_string}"},"query-input":{"@type":"PropertyValueSpecification","valueRequired":true,"valueName":"search_term_string"}}],"inLanguage":"ru-RU"},{"@type":["Person","Organization"],"@id":"https:\/\/maiasandu.pentru.md\/#\/schema\/person\/cfdff171cd9cf48f3933aca560a8da78","name":"MaiaSandu","image":{"@type":"ImageObject","inLanguage":"ru-RU","@id":"https:\/\/maiasandu.pentru.md\/#\/schema\/person\/image\/","url":"https:\/\/secure.gravatar.com\/avatar\/3c0bf0a278aae450e711e7534551dc9de725bedbcff506050a7ac76225453d7f?s=96&d=mm&r=g","contentUrl":"https:\/\/secure.gravatar.com\/avatar\/3c0bf0a278aae450e711e7534551dc9de725bedbcff506050a7ac76225453d7f?s=96&d=mm&r=g","caption":"MaiaSandu"},"logo":{"@id":"https:\/\/maiasandu.pentru.md\/#\/schema\/person\/image\/"},"sameAs":["https:\/\/maiasandu.pentru.md","https:\/\/www.facebook.com\/maia.sandu","https:\/\/www.instagram.com\/maia.sandu?fbclid=IwY2xjawEz_xtleHRuA2FlbQIxMAABHboqHCiyS8Zhq-1A52-ji2mKILjRrr2eHBh5hNh6LpIUhSlaNGfnBNZ8SA_aem_GgoJH2NxtH7QnfOwGdB0aA","https:\/\/x.com\/sandumaiamd Follows you"]}]}},"_links":{"self":[{"href":"https:\/\/maiasandu.pentru.md\/ru\/wp-json\/wp\/v2\/pages\/732","targetHints":{"allow":["GET"]}}],"collection":[{"href":"https:\/\/maiasandu.pentru.md\/ru\/wp-json\/wp\/v2\/pages"}],"about":[{"href":"https:\/\/maiasandu.pentru.md\/ru\/wp-json\/wp\/v2\/types\/page"}],"author":[{"embeddable":true,"href":"https:\/\/maiasandu.pentru.md\/ru\/wp-json\/wp\/v2\/users\/1"}],"replies":[{"embeddable":true,"href":"https:\/\/maiasandu.pentru.md\/ru\/wp-json\/wp\/v2\/comments?post=732"}],"version-history":[{"count":100,"href":"https:\/\/maiasandu.pentru.md\/ru\/wp-json\/wp\/v2\/pages\/732\/revisions"}],"predecessor-version":[{"id":4589,"href":"https:\/\/maiasandu.pentru.md\/ru\/wp-json\/wp\/v2\/pages\/732\/revisions\/4589"}],"wp:attachment":[{"href":"https:\/\/maiasandu.pentru.md\/ru\/wp-json\/wp\/v2\/media?parent=732"}],"curies":[{"name":"wp","href":"https:\/\/api.w.org\/{rel}","templated":true}]}}